{"id":1234,"date":"2024-11-21T12:03:39","date_gmt":"2024-11-21T10:03:39","guid":{"rendered":"https:\/\/apartamentosodevezo.com\/aviso-legal\/"},"modified":"2024-12-04T11:00:08","modified_gmt":"2024-12-04T09:00:08","slug":"legal-notice","status":"publish","type":"page","link":"https:\/\/apartamentosodevezo.com\/en\/legal-notice\/","title":{"rendered":"Legal Notice"},"content":{"rendered":"<p>[et_pb_section fb_built=&#8221;1&#8243; admin_label=&#8221;Real Estate Listings&#8221; _builder_version=&#8221;4.27.3&#8243; _module_preset=&#8221;_initial&#8221; locked=&#8221;off&#8221; collapsed=&#8221;on&#8221; global_colors_info=&#8221;{%22gcid-36fd78a7-34bc-404d-873c-dafa34efaae5%22:%91%22colorStart%22%93}&#8221;][et_pb_row _builder_version=&#8221;4.18.0&#8243; _module_preset=&#8221;5138c454-be54-4233-bd3b-f8e6a8747976&#8243; global_colors_info=&#8221;{}&#8221;][et_pb_column type=&#8221;4_4&#8243; _builder_version=&#8221;4.16&#8243; _module_preset=&#8221;73121f80-a3ef-4484-8763-c3f18e3c56d2&#8243; global_colors_info=&#8221;{}&#8221;][et_pb_heading title=&#8221;Legal Notice&#8221; _builder_version=&#8221;4.27.4&#8243; _module_preset=&#8221;c33f07d9-41e0-421a-8799-5799df695cce&#8221; title_text_align=&#8221;center&#8221; hover_enabled=&#8221;0&#8243; locked=&#8221;off&#8221; global_colors_info=&#8221;{}&#8221; sticky_enabled=&#8221;0&#8243;][\/et_pb_heading][\/et_pb_column][\/et_pb_row][et_pb_row _builder_version=&#8221;4.27.3&#8243; _module_preset=&#8221;5138c454-be54-4233-bd3b-f8e6a8747976&#8243; max_width=&#8221;1240px&#8221; global_colors_info=&#8221;{}&#8221;][et_pb_column type=&#8221;4_4&#8243; _builder_version=&#8221;4.24.3&#8243; _module_preset=&#8221;50607da8-57bc-4d4b-aaef-f02e41c2cc4a&#8221; global_colors_info=&#8221;{%22gcid-7cadd8b3-5228-48e4-90c4-212d09232f7b%22:%91%22color%22%93}&#8221;][et_pb_text _builder_version=&#8221;4.27.3&#8243; _module_preset=&#8221;default&#8221; global_colors_info=&#8221;{}&#8221;]<\/p>\n<p><strong>Titular de la web y datos de contacto<\/strong><br \/>apartamentosodevezo.com es un dominio en Internet titularidad de DESPACHO FERREIRO VAZQUEZ ASESORES SL, con CIF\/NIF B27398643 y domicilio en R\u00faa Cidade de Lugo, 59, 27800 Vilalba, Lugo<br \/>La finalidad de la web es dar a conocer los servicios de DESPACHO FERREIRO VAZQUEZ ASESORES SL \/ APARTAMENTOS O DEVEZO (en adelante, APARTAMENTOS O DEVEZO).<\/p>\n<p><strong>Puede ponerse en contacto con nosotros:<\/strong><\/p>\n<p>Por tel\u00e9fono, en el n\u00famero (+34) 722 891 055<br \/>Por correo electr\u00f3nico, escribiendo a apartamentosodevezo@gmail.com<br \/>Por escrito, dirigi\u00e9ndose a APARTAMENTOS O DEVEZO. R\u00faa Cidade de Lugo, 59, 27800 Vilalba, Lugo<br \/>Para cualquier aclaraci\u00f3n por favor no duden en contactar con APARTAMENTOS O DEVEZO.<\/p>\n<p><strong>Condiciones de uso de la web<\/strong><br \/>Las presentes condiciones de uso regulan el acceso a esta web por parte de los clientes de APARTAMENTOS O DEVEZO y dem\u00e1s usuarios de Internet. Por el mero uso de esta web, el usuario manifiesta su aceptaci\u00f3n sin reservas de las presentes condiciones de uso.<\/p>\n<p>APARTAMENTOS O DEVEZO se reserva el derecho unilateral de modificar las presentes condiciones de acceso a la web, as\u00ed como los contenidos en ella incluidos.<\/p>\n<p><strong>Limitaci\u00f3n y exclusi\u00f3n de responsabilidad<\/strong><br \/>El contenido de esta web es de car\u00e1cter general y tiene una finalidad y efectos exclusivamente informativos. APARTAMENTOS O DEVEZO rechaza la responsabilidad sobre cualquier informaci\u00f3n no elaborada por ella o no publicada de forma autorizada por ella bajo su nombre, al igual que la responsabilidad que se derive de la mala utilizaci\u00f3n por terceros de los contenidos.<\/p>\n<p>El usuario exonera a APARTAMENTOS O DEVEZO de cualquier responsabilidad que pudiera derivarse de las interrupciones de disponibilidad de la p\u00e1gina web, ya sea por mal funcionamiento del servidor web o de aplicaciones, de las infraestructuras de comunicaciones, o del software y hardware utilizados para la navegaci\u00f3n.<br \/>En el caso de incluir enlaces a otras p\u00e1ginas web, APARTAMENTOS O DEVEZO declina cualquier responsabilidad relacionada con el acceso y utilizaci\u00f3n de dichos enlaces.<\/p>\n<p><strong>Propiedad intelectual e industrial<\/strong><br \/>La totalidad de esta web se encuentra protegida por las leyes sobre propiedad Intelectual e Industrial. Salvo que se indique lo contrario, los derechos de propiedad intelectual sobre estos contenidos corresponden en exclusiva a APARTAMENTOS O DEVEZO. El usuario reconoce que el uso de los contenidos queda estrictamente limitado a finalidades personales del propio usuario y que la reproducci\u00f3n, distribuci\u00f3n, comunicaci\u00f3n o transformaci\u00f3n no expresamente autorizada de tales obras constituye una infracci\u00f3n de los derechos de propiedad intelectual.<\/p>\n<p>Asimismo, el usuario se abstendr\u00e1 de emplear los contenidos y, en particular, la informaci\u00f3n de cualquier clase obtenida a trav\u00e9s de la web para remitir publicidad, comunicaciones con fines de venta directa o con cualquier otra clase de finalidad comercial, mensajes no solicitados dirigidos a una pluralidad de personas con independencia de su finalidad, as\u00ed como a abstenerse de comercializar o divulgar de cualquier modo dicha informaci\u00f3n.<br \/>casabrais.com es un dominio de APARTAMENTOS O DEVEZO. No puede ser utilizado, salvo autorizaci\u00f3n expresa previa, en conexi\u00f3n con otros productos o servicios que no sean de APARTAMENTOS O DEVEZO de ninguna manera que pueda causar confusi\u00f3n entre nuestros clientes o descr\u00e9dito de APARTAMENTOS O DEVEZO.<\/p>\n<p><strong>Pol\u00edtica para enlazar a esta web<\/strong><br \/>Si cualquier usuario, entidad o p\u00e1gina web deseara establecer alg\u00fan tipo de enlace con destino a esta web deber\u00e1 solicitar autorizaci\u00f3n previa a la realizaci\u00f3n del enlace y por escrito.<\/p>\n<p>Adem\u00e1s, s\u00f3lo se permite enlazar a la p\u00e1gina de inicio de la web. El enlace debe ser absoluto y completo, es decir, debe llevar al usuario a la propia direcci\u00f3n de APARTAMENTOS O DEVEZO y debe abarcar completamente toda la extensi\u00f3n de la pantalla de la p\u00e1gina inicial. En ning\u00fan caso, salvo autorizaci\u00f3n expresa y por escrito de APARTAMENTOS O DEVEZO, la p\u00e1gina que realice el enlace podr\u00e1 reproducir de cualquier manera la web de APARTAMENTOS O DEVEZO incluirlo como parte de su web o dentro de uno de sus marcos sobre cualquiera de las p\u00e1ginas o contenidos de la presente web.<\/p>\n<p>No se incluir\u00e1 ninguna manifestaci\u00f3n falsa, inexacta o incorrecta sobre las p\u00e1ginas de esta web o los servicios que en ella se ofrecen.<br \/>El enlace no contendr\u00e1 ninguna marca, nombre comercial, r\u00f3tulo de establecimiento, denominaci\u00f3n, logotipo, eslogan u otros signos distintivos pertenecientes a APARTAMENTOS O DEVEZO. Bajo ninguna circunstancia, APARTAMENTOS O DEVEZO ser\u00e1 responsable de los contenidos o servicios puestos a disposici\u00f3n del p\u00fablico en la p\u00e1gina web desde la que se realice el hiperenlace ni de las informaciones o manifestaciones incluidas en las mismas.<\/p>\n<p><strong>Protecci\u00f3n de datos personales<\/strong><br \/>La utilizaci\u00f3n de esta web y de sus formularios requiere la aceptaci\u00f3n del tratamiento de los datos del usuario conforme a nuestra pol\u00edtica de privacidad, incluyendo la recopilaci\u00f3n de datos de acceso y el env\u00edo de informaci\u00f3n comercial por v\u00eda electr\u00f3nica.<br \/>Lea detenidamente nuestra pol\u00edtica de privacidad para conocer c\u00f3mo utilizamos los datos de los usuarios y c\u00f3mo ejercer los derechos de acceso, rectificaci\u00f3n, cancelaci\u00f3n y oposici\u00f3n.<\/p>\n<p><strong>Cookies<\/strong><br \/>Esta web utiliza cookies propias y de terceros para diversas finalidades incluyendo anal\u00edticas y publicidad adaptada a los intereses del usuario. El mero uso de esta web con las cookies activadas en el navegador implica la aceptaci\u00f3n de su tratamiento conforme a nuestra pol\u00edtica de cookies.<br \/>Lea detenidamente nuestra pol\u00edtica de cookies para conocer los tipos de cookies empleados, como bloquearlas y c\u00f3mo borrarlas en su navegador.<\/p>\n<p><strong>Redes sociales<\/strong><br \/>Al hacerte fan, seguidor o an\u00e1logos de nuestra empresa en la vertiente de las distintas redes sociales, en el contexto de este tratamiento debes tener en cuenta que APARTAMENTOS O DEVEZO \u00fanicamente puede consultar o dar de baja tus datos de forma restringida al tener un perfil espec\u00edfico. Cualquier rectificaci\u00f3n de tus datos o restricci\u00f3n de informaci\u00f3n o de publicaciones debes realizarla a trav\u00e9s de la configuraci\u00f3n de tu perfil o usuario en la propia red social.<\/p>\n<p><strong>Por defecto consientes:<\/strong><br \/>a) El tratamiento de tus datos personales en el entorno de dicha red social y conforme a sus pol\u00edticas de Privacidad:<\/p>\n<p>Facebook<br \/>Instagram<br \/>b) el acceso de APARTAMENTOS O DEVEZO a los datos contenidos en tu perfil o biograf\u00eda, dependiendo de la configuraci\u00f3n que tengas de tu privacidad en cada red, estos ser\u00e1n m\u00e1s o menos amplios.<br \/>c) A que las noticias publicadas sobre nuestros eventos, o nuestros comentarios pueda aparecer en tu muro o biograf\u00eda.<br \/>d) A recibir comunicaciones sobre nuestros productos\/eventos.<br \/>Si quieres dejar de seguirnos, s\u00f3lo tienes que pinchar la opci\u00f3n \u00abDejar de ser fan\u00bb o \u201cdejar de seguir\u201d.<br \/>Puedes ejercer los derechos de acceso, rectificaci\u00f3n, cancelaci\u00f3n y oposici\u00f3n en cualquier momento, mediante escrito, dirigido a la direcci\u00f3n que aparece arriba o enviando un e mail a apartamentosodevezo@gmail.com.<\/p>\n<p><strong>Prevalencia de la versi\u00f3n espa\u00f1ola<\/strong><br \/>En caso de que se traduzca este aviso legal a otros idiomas, cuando haya discrepancia, la versi\u00f3n espa\u00f1ola prevalecer\u00e1.<\/p>\n<p><strong>Legislaci\u00f3n y Jurisdicci\u00f3n aplicable<\/strong><br \/>El presente Aviso Legal as\u00ed como las relaciones entre APARTAMENTOS O DEVEZO y los usuarios, se regir\u00e1n por la normativa espa\u00f1ola vigente y cualquier controversia se someter\u00e1 a los Juzgados y Tribunales de LUGO, excepto en el caso de consumidores y usuarios que se aplicar\u00e1 el fuero imperativo de los juzgados de la ciudad de su domicilio.<\/p>\n<p>[\/et_pb_text][\/et_pb_column][\/et_pb_row][\/et_pb_section]<\/p>\n","protected":false},"excerpt":{"rendered":"<p>Titular de la web y datos de contactoapartamentosodevezo.com es un dominio en Internet titularidad de DESPACHO FERREIRO VAZQUEZ ASESORES SL, con CIF\/NIF B27398643 y domicilio en R\u00faa Cidade de Lugo, 59, 27800 Vilalba, LugoLa finalidad de la web es dar a conocer los servicios de DESPACHO FERREIRO VAZQUEZ ASESORES SL \/ APARTAMENTOS O DEVEZO (en [&hellip;]<\/p>\n","protected":false},"author":1,"featured_media":0,"parent":0,"menu_order":0,"comment_status":"closed","ping_status":"closed","template":"","meta":{"_et_pb_use_builder":"on","_et_pb_old_content":"","_et_gb_content_width":"","footnotes":""},"class_list":["post-1234","page","type-page","status-publish","hentry"],"yoast_head":"<!-- This site is optimized with the Yoast SEO plugin v27.6 - https:\/\/yoast.com\/product\/yoast-seo-wordpress\/ -->\n<title>Legal Notice - O Devezo Holiday Apartments<\/title>\n<meta name=\"description\" content=\"Located in Vilalba, Lugo, the O Devezo Holiday Apartments are the ideal place for those looking for comfort and a strategic location to explore Galicia.\" \/>\n<meta name=\"robots\" content=\"index, follow, max-snippet:-1, max-image-preview:large, max-video-preview:-1\" \/>\n<link rel=\"canonical\" href=\"https:\/\/apartamentosodevezo.com\/en\/legal-notice\/\" \/>\n<meta property=\"og:locale\" content=\"en_US\" \/>\n<meta property=\"og:type\" content=\"article\" \/>\n<meta property=\"og:title\" content=\"Legal Notice - O Devezo Holiday Apartments\" \/>\n<meta property=\"og:description\" content=\"Located in Vilalba, Lugo, the O Devezo Holiday Apartments are the ideal place for those looking for comfort and a strategic location to explore Galicia.\" \/>\n<meta property=\"og:url\" content=\"https:\/\/apartamentosodevezo.com\/en\/legal-notice\/\" \/>\n<meta property=\"og:site_name\" content=\"Apartamentos Tur\u00edsticos O Devezo\" \/>\n<meta property=\"article:modified_time\" content=\"2024-12-04T09:00:08+00:00\" \/>\n<meta name=\"twitter:card\" content=\"summary_large_image\" \/>\n<meta name=\"twitter:label1\" content=\"Est. reading time\" \/>\n\t<meta name=\"twitter:data1\" content=\"6 minutes\" \/>\n<script type=\"application\/ld+json\" class=\"yoast-schema-graph\">{\"@context\":\"https:\\\/\\\/schema.org\",\"@graph\":[{\"@type\":\"WebPage\",\"@id\":\"https:\\\/\\\/apartamentosodevezo.com\\\/en\\\/legal-notice\\\/\",\"url\":\"https:\\\/\\\/apartamentosodevezo.com\\\/en\\\/legal-notice\\\/\",\"name\":\"Legal Notice - O Devezo Holiday Apartments\",\"isPartOf\":{\"@id\":\"https:\\\/\\\/apartamentosodevezo.com\\\/en\\\/#website\"},\"datePublished\":\"2024-11-21T10:03:39+00:00\",\"dateModified\":\"2024-12-04T09:00:08+00:00\",\"description\":\"Located in Vilalba, Lugo, the O Devezo Holiday Apartments are the ideal place for those looking for comfort and a strategic location to explore Galicia.\",\"breadcrumb\":{\"@id\":\"https:\\\/\\\/apartamentosodevezo.com\\\/en\\\/legal-notice\\\/#breadcrumb\"},\"inLanguage\":\"en-US\",\"potentialAction\":[{\"@type\":\"ReadAction\",\"target\":[\"https:\\\/\\\/apartamentosodevezo.com\\\/en\\\/legal-notice\\\/\"]}]},{\"@type\":\"BreadcrumbList\",\"@id\":\"https:\\\/\\\/apartamentosodevezo.com\\\/en\\\/legal-notice\\\/#breadcrumb\",\"itemListElement\":[{\"@type\":\"ListItem\",\"position\":1,\"name\":\"Inicio\",\"item\":\"https:\\\/\\\/apartamentosodevezo.com\\\/en\\\/\"},{\"@type\":\"ListItem\",\"position\":2,\"name\":\"Legal Notice\"}]},{\"@type\":\"WebSite\",\"@id\":\"https:\\\/\\\/apartamentosodevezo.com\\\/en\\\/#website\",\"url\":\"https:\\\/\\\/apartamentosodevezo.com\\\/en\\\/\",\"name\":\"Apartamentos Tur\u00edsticos O Devezo\",\"description\":\"Tu confort es nuestra prioridad\",\"publisher\":{\"@id\":\"https:\\\/\\\/apartamentosodevezo.com\\\/en\\\/#organization\"},\"potentialAction\":[{\"@type\":\"SearchAction\",\"target\":{\"@type\":\"EntryPoint\",\"urlTemplate\":\"https:\\\/\\\/apartamentosodevezo.com\\\/en\\\/?s={search_term_string}\"},\"query-input\":{\"@type\":\"PropertyValueSpecification\",\"valueRequired\":true,\"valueName\":\"search_term_string\"}}],\"inLanguage\":\"en-US\"},{\"@type\":\"Organization\",\"@id\":\"https:\\\/\\\/apartamentosodevezo.com\\\/en\\\/#organization\",\"name\":\"O Devezo Holiday Apartments\",\"url\":\"https:\\\/\\\/apartamentosodevezo.com\\\/en\\\/\",\"logo\":{\"@type\":\"ImageObject\",\"inLanguage\":\"en-US\",\"@id\":\"https:\\\/\\\/apartamentosodevezo.com\\\/en\\\/#\\\/schema\\\/logo\\\/image\\\/\",\"url\":\"https:\\\/\\\/apartamentosodevezo.com\\\/wp-content\\\/uploads\\\/2024\\\/11\\\/apartamentos-o-devezo-iconos.jpg\",\"contentUrl\":\"https:\\\/\\\/apartamentosodevezo.com\\\/wp-content\\\/uploads\\\/2024\\\/11\\\/apartamentos-o-devezo-iconos.jpg\",\"width\":275,\"height\":275,\"caption\":\"O Devezo Holiday Apartments\"},\"image\":{\"@id\":\"https:\\\/\\\/apartamentosodevezo.com\\\/en\\\/#\\\/schema\\\/logo\\\/image\\\/\"}}]}<\/script>\n<!-- \/ Yoast SEO plugin. -->","yoast_head_json":{"title":"Legal Notice - O Devezo Holiday Apartments","description":"Located in Vilalba, Lugo, the O Devezo Holiday Apartments are the ideal place for those looking for comfort and a strategic location to explore Galicia.","robots":{"index":"index","follow":"follow","max-snippet":"max-snippet:-1","max-image-preview":"max-image-preview:large","max-video-preview":"max-video-preview:-1"},"canonical":"https:\/\/apartamentosodevezo.com\/en\/legal-notice\/","og_locale":"en_US","og_type":"article","og_title":"Legal Notice - O Devezo Holiday Apartments","og_description":"Located in Vilalba, Lugo, the O Devezo Holiday Apartments are the ideal place for those looking for comfort and a strategic location to explore Galicia.","og_url":"https:\/\/apartamentosodevezo.com\/en\/legal-notice\/","og_site_name":"Apartamentos Tur\u00edsticos O Devezo","article_modified_time":"2024-12-04T09:00:08+00:00","twitter_card":"summary_large_image","twitter_misc":{"Est. reading time":"6 minutes"},"schema":{"@context":"https:\/\/schema.org","@graph":[{"@type":"WebPage","@id":"https:\/\/apartamentosodevezo.com\/en\/legal-notice\/","url":"https:\/\/apartamentosodevezo.com\/en\/legal-notice\/","name":"Legal Notice - O Devezo Holiday Apartments","isPartOf":{"@id":"https:\/\/apartamentosodevezo.com\/en\/#website"},"datePublished":"2024-11-21T10:03:39+00:00","dateModified":"2024-12-04T09:00:08+00:00","description":"Located in Vilalba, Lugo, the O Devezo Holiday Apartments are the ideal place for those looking for comfort and a strategic location to explore Galicia.","breadcrumb":{"@id":"https:\/\/apartamentosodevezo.com\/en\/legal-notice\/#breadcrumb"},"inLanguage":"en-US","potentialAction":[{"@type":"ReadAction","target":["https:\/\/apartamentosodevezo.com\/en\/legal-notice\/"]}]},{"@type":"BreadcrumbList","@id":"https:\/\/apartamentosodevezo.com\/en\/legal-notice\/#breadcrumb","itemListElement":[{"@type":"ListItem","position":1,"name":"Inicio","item":"https:\/\/apartamentosodevezo.com\/en\/"},{"@type":"ListItem","position":2,"name":"Legal Notice"}]},{"@type":"WebSite","@id":"https:\/\/apartamentosodevezo.com\/en\/#website","url":"https:\/\/apartamentosodevezo.com\/en\/","name":"Apartamentos Tur\u00edsticos O Devezo","description":"Tu confort es nuestra prioridad","publisher":{"@id":"https:\/\/apartamentosodevezo.com\/en\/#organization"},"potentialAction":[{"@type":"SearchAction","target":{"@type":"EntryPoint","urlTemplate":"https:\/\/apartamentosodevezo.com\/en\/?s={search_term_string}"},"query-input":{"@type":"PropertyValueSpecification","valueRequired":true,"valueName":"search_term_string"}}],"inLanguage":"en-US"},{"@type":"Organization","@id":"https:\/\/apartamentosodevezo.com\/en\/#organization","name":"O Devezo Holiday Apartments","url":"https:\/\/apartamentosodevezo.com\/en\/","logo":{"@type":"ImageObject","inLanguage":"en-US","@id":"https:\/\/apartamentosodevezo.com\/en\/#\/schema\/logo\/image\/","url":"https:\/\/apartamentosodevezo.com\/wp-content\/uploads\/2024\/11\/apartamentos-o-devezo-iconos.jpg","contentUrl":"https:\/\/apartamentosodevezo.com\/wp-content\/uploads\/2024\/11\/apartamentos-o-devezo-iconos.jpg","width":275,"height":275,"caption":"O Devezo Holiday Apartments"},"image":{"@id":"https:\/\/apartamentosodevezo.com\/en\/#\/schema\/logo\/image\/"}}]}},"_links":{"self":[{"href":"https:\/\/apartamentosodevezo.com\/en\/wp-json\/wp\/v2\/pages\/1234","targetHints":{"allow":["GET"]}}],"collection":[{"href":"https:\/\/apartamentosodevezo.com\/en\/wp-json\/wp\/v2\/pages"}],"about":[{"href":"https:\/\/apartamentosodevezo.com\/en\/wp-json\/wp\/v2\/types\/page"}],"author":[{"embeddable":true,"href":"https:\/\/apartamentosodevezo.com\/en\/wp-json\/wp\/v2\/users\/1"}],"replies":[{"embeddable":true,"href":"https:\/\/apartamentosodevezo.com\/en\/wp-json\/wp\/v2\/comments?post=1234"}],"version-history":[{"count":3,"href":"https:\/\/apartamentosodevezo.com\/en\/wp-json\/wp\/v2\/pages\/1234\/revisions"}],"predecessor-version":[{"id":1356,"href":"https:\/\/apartamentosodevezo.com\/en\/wp-json\/wp\/v2\/pages\/1234\/revisions\/1356"}],"wp:attachment":[{"href":"https:\/\/apartamentosodevezo.com\/en\/wp-json\/wp\/v2\/media?parent=1234"}],"curies":[{"name":"wp","href":"https:\/\/api.w.org\/{rel}","templated":true}]}}