{"id":1235,"date":"2024-11-21T12:15:53","date_gmt":"2024-11-21T10:15:53","guid":{"rendered":"https:\/\/apartamentosodevezo.com\/politica-privacidad\/"},"modified":"2024-12-04T11:34:50","modified_gmt":"2024-12-04T09:34:50","slug":"privacy-policy","status":"publish","type":"page","link":"https:\/\/apartamentosodevezo.com\/en\/privacy-policy\/","title":{"rendered":"Privacy policy"},"content":{"rendered":"<p>[et_pb_section fb_built=&#8221;1&#8243; admin_label=&#8221;Real Estate Listings&#8221; _builder_version=&#8221;4.27.3&#8243; _module_preset=&#8221;_initial&#8221; locked=&#8221;off&#8221; collapsed=&#8221;on&#8221; global_colors_info=&#8221;{%22gcid-36fd78a7-34bc-404d-873c-dafa34efaae5%22:%91%22colorStart%22%93}&#8221;][et_pb_row _builder_version=&#8221;4.18.0&#8243; _module_preset=&#8221;5138c454-be54-4233-bd3b-f8e6a8747976&#8243; global_colors_info=&#8221;{}&#8221;][et_pb_column type=&#8221;4_4&#8243; _builder_version=&#8221;4.16&#8243; _module_preset=&#8221;73121f80-a3ef-4484-8763-c3f18e3c56d2&#8243; global_colors_info=&#8221;{}&#8221;][et_pb_heading title=&#8221;Pol\u00edtica de privacidad&#8221; _builder_version=&#8221;4.27.3&#8243; _module_preset=&#8221;c33f07d9-41e0-421a-8799-5799df695cce&#8221; title_text_align=&#8221;center&#8221; locked=&#8221;off&#8221; global_colors_info=&#8221;{}&#8221;][\/et_pb_heading][\/et_pb_column][\/et_pb_row][et_pb_row _builder_version=&#8221;4.27.3&#8243; _module_preset=&#8221;5138c454-be54-4233-bd3b-f8e6a8747976&#8243; max_width=&#8221;1240px&#8221; global_colors_info=&#8221;{}&#8221;][et_pb_column type=&#8221;4_4&#8243; _builder_version=&#8221;4.24.3&#8243; _module_preset=&#8221;50607da8-57bc-4d4b-aaef-f02e41c2cc4a&#8221; global_colors_info=&#8221;{%22gcid-7cadd8b3-5228-48e4-90c4-212d09232f7b%22:%91%22color%22%93}&#8221;][et_pb_text _builder_version=&#8221;4.27.3&#8243; _module_preset=&#8221;default&#8221; global_colors_info=&#8221;{}&#8221;]<\/p>\n<p><strong>Responsable de los datos<\/strong><br \/>Titular: DESPACHO FERREIRO VAZQUEZ ASESORES SL<br \/>DNI: B27398643<br \/>Domicilio: R\u00faa Cidade de Lugo, 59, 27800 Vilalba, Lugo<br \/>Tel\u00e9fono: (+34) 722 891 055<br \/>Direcci\u00f3n de correo electr\u00f3nico: apartamentosodevezo@gmail.com<\/p>\n<p><strong>Finalidad<\/strong><br \/>En APARTAMENTOS O DEVEZO tratamos la informaci\u00f3n que nos facilitan las personas interesadas con el fin mantener la relaci\u00f3n con el cliente para atender la demanda de informaci\u00f3n y, en su caso, gesti\u00f3n de la reserva, facturaci\u00f3n y cobro.<\/p>\n<p><strong>Conservaci\u00f3n de los datos:<\/strong><br \/>Los datos para la gesti\u00f3n de la relaci\u00f3n con el cliente y la facturaci\u00f3n y cobro de los servicios ser\u00e1n conservados durante el tiempo exigido por la legislaci\u00f3n aplicable y hasta que prescriban las eventuales responsabilidades derivadas del contrato de servicios.<\/p>\n<p>Los datos para el env\u00edo de comunicaciones comerciales de nuestros servicios ser\u00e1n conservados indefinidamente hasta que, en su caso, nos manifieste su voluntad de suprimirlos.<\/p>\n<p>No guardaremos sus datos personales para ning\u00fan fin durante m\u00e1s tiempo del necesario y solo conservaremos los datos personales necesarios en relaci\u00f3n con dicho fin. Adem\u00e1s, tenemos que mantener cierta informaci\u00f3n de acuerdo con la ley o durante el tiempo que sea razonablemente necesario para cumplir con los requisitos normativos, resolver litigios, evitar fraudes y abusos o hacer cumplir nuestros t\u00e9rminos y condiciones.<\/p>\n<p><strong>Legitimaci\u00f3n<\/strong><br \/>La base legal para el tratamiento de los datos es la ejecuci\u00f3n de la prestaci\u00f3n del servicio correspondiente.<\/p>\n<p>La oferta prospectiva de productos y servicios a clientes tiene como base la satisfacci\u00f3n del inter\u00e9s leg\u00edtimo empresarial consistente en poder ofrecer a nuestros clientes la contrataci\u00f3n de otros productos o servicios y conseguir as\u00ed su fidelizaci\u00f3n. Dicho inter\u00e9s leg\u00edtimo se reconoce por la normativa legal aplicable (Reglamento General de Protecci\u00f3n de Datos), que permite expresamente el tratamiento de datos personales sobre esa base legal con fines de mercadotecnia directa.<\/p>\n<p>La base del env\u00edo de comunicaciones comerciales a usuarios no clientes es el consentimiento que se ha solicitado, pudiendo ser revocado en cualquier momento. La retirada de dicho consentimiento no afectar\u00e1 en ning\u00fan caso a la ejecuci\u00f3n del contrato, pero los tratamientos de datos con ese fin efectuados con anterioridad no perder\u00e1n su licitud por el hecho de que el consentimiento se haya revocado.<\/p>\n<p>No obstante, los interesados tienen derecho a oponerse a este tratamiento de sus datos, pudiendo hacerlo por cualquiera de los medios descritos en este aviso.<\/p>\n<p><strong>Destinatarios de los datos<\/strong><br \/>Los destinatarios de los datos personales recogidos por APARTAMENTOS O DEVEZO ser\u00e1n:<br \/>\u2013 Los propios empleados de APARTAMENTOS O DEVEZO en el cumplimiento de sus funciones.<br \/>\u2013 Los proveedores de APARTAMENTOS O DEVEZO que intervengan en la prestaci\u00f3n de los servicios, en el caso de que ello fuera necesario para la prestaci\u00f3n de los mismos.<br \/>\u2013 Los \u00f3rganos judiciales o administrativos, as\u00ed como las Fuerzas y Cuerpos de Seguridad del Estado, en el caso que APARTAMENTOS O DEVEZO fuera requerido conforme a la legislaci\u00f3n vigente para proporcionar informaci\u00f3n relacionada con sus clientes y sus servicios.<\/p>\n<p><strong>Transferencia internacional<\/strong><br \/>S\u00f3lo se realizar\u00e1 transferencia internacional de los datos a entidades bajo la habilitaci\u00f3n del acuerdo EEUU-Uni\u00f3n Europea Privacy Shield (m\u00e1s informaci\u00f3n: <a href=\"https:\/\/www.dataprivacyframework.gov\/\" target=\"_blank\" rel=\"noopener\">https:\/\/www.dataprivacyframework.gov\/<\/a>), que hayan demostrado que cumplen con el nivel de protecci\u00f3n y garant\u00edas de acuerdo con los par\u00e1metros y exigencias previstas en la normativa vigente en materia de protecci\u00f3n de datos o cuando exista un habilitaci\u00f3n legal para realizar la transferencia internacional.<\/p>\n<p>Derechos de los usuarios<br \/>Los datos de car\u00e1cter personal del usuario formar\u00e1n parte de un fichero responsabilidad de APARTAMENTOS O DEVEZO ante quien podr\u00e1 ejercitar los derechos de acceso, rectificaci\u00f3n, supresi\u00f3n, oposici\u00f3n, limitaci\u00f3n del tratamiento y en determinados casos a la portabilidad de los datos, mediante los formularios que pueden ser solicitados por mail a <a href=\"mailto:apartamentosodevezo@gmail.com\">apartamentosodevezo@gmail.com<\/a> o utilizar los elaborados por la Agencia Espa\u00f1ola de Proteccion de Datos, debiendo ir firmados electr\u00f3nicamente o acompa\u00f1ados de fotocopia del DNI. Si se act\u00faa por medio de representante, de la misma manera deber\u00e1 ir acompa\u00f1ado de copia de su DNI o con firma electr\u00f3nica. Los formularios se podr\u00e1n presentar presencialmente en APARTAMENTOS O DEVEZO o remitir por correo o direcci\u00f3n electr\u00f3nica. El usuario tiene derecho a presentar una reclamaci\u00f3n ante la Agencia Espa\u00f1ola de Protecci\u00f3n de Datos en el supuesto que considere que no se ha atendido convenientemente el ejercicio de sus derechos. El plazo m\u00e1ximo para resolver es el de un mes a contar desde la recepci\u00f3n de la solicitud.<\/p>\n<p>En el caso de producirse alguna modificaci\u00f3n de los datos, APARTAMENTOS O DEVEZO agradece que se comuniquen dichos cambios por escrito con la finalidad de mantener los datos actualizados.<\/p>\n<p>[\/et_pb_text][\/et_pb_column][\/et_pb_row][\/et_pb_section]<\/p>\n","protected":false},"excerpt":{"rendered":"<p>Responsable de los datosTitular: DESPACHO FERREIRO VAZQUEZ ASESORES SLDNI: B27398643Domicilio: R\u00faa Cidade de Lugo, 59, 27800 Vilalba, LugoTel\u00e9fono: (+34) 722 891 055Direcci\u00f3n de correo electr\u00f3nico: apartamentosodevezo@gmail.com FinalidadEn APARTAMENTOS O DEVEZO tratamos la informaci\u00f3n que nos facilitan las personas interesadas con el fin mantener la relaci\u00f3n con el cliente para atender la demanda de informaci\u00f3n y, [&hellip;]<\/p>\n","protected":false},"author":1,"featured_media":0,"parent":0,"menu_order":0,"comment_status":"closed","ping_status":"closed","template":"","meta":{"_et_pb_use_builder":"on","_et_pb_old_content":"","_et_gb_content_width":"","footnotes":""},"class_list":["post-1235","page","type-page","status-publish","hentry"],"yoast_head":"<!-- This site is optimized with the Yoast SEO plugin v27.6 - https:\/\/yoast.com\/product\/yoast-seo-wordpress\/ -->\n<title>Privacy policy - O Devezo Holiday Apartments<\/title>\n<meta name=\"description\" content=\"Located in Vilalba, Lugo, the O Devezo Holiday Apartments are the ideal place for those looking for comfort and a strategic location to explore Galicia.\" \/>\n<meta name=\"robots\" content=\"index, follow, max-snippet:-1, max-image-preview:large, max-video-preview:-1\" \/>\n<link rel=\"canonical\" href=\"https:\/\/apartamentosodevezo.com\/en\/privacy-policy\/\" \/>\n<meta property=\"og:locale\" content=\"en_US\" \/>\n<meta property=\"og:type\" content=\"article\" \/>\n<meta property=\"og:title\" content=\"Privacy policy - O Devezo Holiday Apartments\" \/>\n<meta property=\"og:description\" content=\"Located in Vilalba, Lugo, the O Devezo Holiday Apartments are the ideal place for those looking for comfort and a strategic location to explore Galicia.\" \/>\n<meta property=\"og:url\" content=\"https:\/\/apartamentosodevezo.com\/en\/privacy-policy\/\" \/>\n<meta property=\"og:site_name\" content=\"Apartamentos Tur\u00edsticos O Devezo\" \/>\n<meta property=\"article:modified_time\" content=\"2024-12-04T09:34:50+00:00\" \/>\n<meta name=\"twitter:card\" content=\"summary_large_image\" \/>\n<meta name=\"twitter:label1\" content=\"Est. reading time\" \/>\n\t<meta name=\"twitter:data1\" content=\"4 minutes\" \/>\n<script type=\"application\/ld+json\" class=\"yoast-schema-graph\">{\"@context\":\"https:\\\/\\\/schema.org\",\"@graph\":[{\"@type\":\"WebPage\",\"@id\":\"https:\\\/\\\/apartamentosodevezo.com\\\/en\\\/privacy-policy\\\/\",\"url\":\"https:\\\/\\\/apartamentosodevezo.com\\\/en\\\/privacy-policy\\\/\",\"name\":\"Privacy policy - O Devezo Holiday Apartments\",\"isPartOf\":{\"@id\":\"https:\\\/\\\/apartamentosodevezo.com\\\/en\\\/#website\"},\"datePublished\":\"2024-11-21T10:15:53+00:00\",\"dateModified\":\"2024-12-04T09:34:50+00:00\",\"description\":\"Located in Vilalba, Lugo, the O Devezo Holiday Apartments are the ideal place for those looking for comfort and a strategic location to explore Galicia.\",\"breadcrumb\":{\"@id\":\"https:\\\/\\\/apartamentosodevezo.com\\\/en\\\/privacy-policy\\\/#breadcrumb\"},\"inLanguage\":\"en-US\",\"potentialAction\":[{\"@type\":\"ReadAction\",\"target\":[\"https:\\\/\\\/apartamentosodevezo.com\\\/en\\\/privacy-policy\\\/\"]}]},{\"@type\":\"BreadcrumbList\",\"@id\":\"https:\\\/\\\/apartamentosodevezo.com\\\/en\\\/privacy-policy\\\/#breadcrumb\",\"itemListElement\":[{\"@type\":\"ListItem\",\"position\":1,\"name\":\"Inicio\",\"item\":\"https:\\\/\\\/apartamentosodevezo.com\\\/en\\\/\"},{\"@type\":\"ListItem\",\"position\":2,\"name\":\"Privacy policy\"}]},{\"@type\":\"WebSite\",\"@id\":\"https:\\\/\\\/apartamentosodevezo.com\\\/en\\\/#website\",\"url\":\"https:\\\/\\\/apartamentosodevezo.com\\\/en\\\/\",\"name\":\"Apartamentos Tur\u00edsticos O Devezo\",\"description\":\"Tu confort es nuestra prioridad\",\"publisher\":{\"@id\":\"https:\\\/\\\/apartamentosodevezo.com\\\/en\\\/#organization\"},\"potentialAction\":[{\"@type\":\"SearchAction\",\"target\":{\"@type\":\"EntryPoint\",\"urlTemplate\":\"https:\\\/\\\/apartamentosodevezo.com\\\/en\\\/?s={search_term_string}\"},\"query-input\":{\"@type\":\"PropertyValueSpecification\",\"valueRequired\":true,\"valueName\":\"search_term_string\"}}],\"inLanguage\":\"en-US\"},{\"@type\":\"Organization\",\"@id\":\"https:\\\/\\\/apartamentosodevezo.com\\\/en\\\/#organization\",\"name\":\"O Devezo Holiday Apartments\",\"url\":\"https:\\\/\\\/apartamentosodevezo.com\\\/en\\\/\",\"logo\":{\"@type\":\"ImageObject\",\"inLanguage\":\"en-US\",\"@id\":\"https:\\\/\\\/apartamentosodevezo.com\\\/en\\\/#\\\/schema\\\/logo\\\/image\\\/\",\"url\":\"https:\\\/\\\/apartamentosodevezo.com\\\/wp-content\\\/uploads\\\/2024\\\/11\\\/apartamentos-o-devezo-iconos.jpg\",\"contentUrl\":\"https:\\\/\\\/apartamentosodevezo.com\\\/wp-content\\\/uploads\\\/2024\\\/11\\\/apartamentos-o-devezo-iconos.jpg\",\"width\":275,\"height\":275,\"caption\":\"O Devezo Holiday Apartments\"},\"image\":{\"@id\":\"https:\\\/\\\/apartamentosodevezo.com\\\/en\\\/#\\\/schema\\\/logo\\\/image\\\/\"}}]}<\/script>\n<!-- \/ Yoast SEO plugin. -->","yoast_head_json":{"title":"Privacy policy - O Devezo Holiday Apartments","description":"Located in Vilalba, Lugo, the O Devezo Holiday Apartments are the ideal place for those looking for comfort and a strategic location to explore Galicia.","robots":{"index":"index","follow":"follow","max-snippet":"max-snippet:-1","max-image-preview":"max-image-preview:large","max-video-preview":"max-video-preview:-1"},"canonical":"https:\/\/apartamentosodevezo.com\/en\/privacy-policy\/","og_locale":"en_US","og_type":"article","og_title":"Privacy policy - O Devezo Holiday Apartments","og_description":"Located in Vilalba, Lugo, the O Devezo Holiday Apartments are the ideal place for those looking for comfort and a strategic location to explore Galicia.","og_url":"https:\/\/apartamentosodevezo.com\/en\/privacy-policy\/","og_site_name":"Apartamentos Tur\u00edsticos O Devezo","article_modified_time":"2024-12-04T09:34:50+00:00","twitter_card":"summary_large_image","twitter_misc":{"Est. reading time":"4 minutes"},"schema":{"@context":"https:\/\/schema.org","@graph":[{"@type":"WebPage","@id":"https:\/\/apartamentosodevezo.com\/en\/privacy-policy\/","url":"https:\/\/apartamentosodevezo.com\/en\/privacy-policy\/","name":"Privacy policy - O Devezo Holiday Apartments","isPartOf":{"@id":"https:\/\/apartamentosodevezo.com\/en\/#website"},"datePublished":"2024-11-21T10:15:53+00:00","dateModified":"2024-12-04T09:34:50+00:00","description":"Located in Vilalba, Lugo, the O Devezo Holiday Apartments are the ideal place for those looking for comfort and a strategic location to explore Galicia.","breadcrumb":{"@id":"https:\/\/apartamentosodevezo.com\/en\/privacy-policy\/#breadcrumb"},"inLanguage":"en-US","potentialAction":[{"@type":"ReadAction","target":["https:\/\/apartamentosodevezo.com\/en\/privacy-policy\/"]}]},{"@type":"BreadcrumbList","@id":"https:\/\/apartamentosodevezo.com\/en\/privacy-policy\/#breadcrumb","itemListElement":[{"@type":"ListItem","position":1,"name":"Inicio","item":"https:\/\/apartamentosodevezo.com\/en\/"},{"@type":"ListItem","position":2,"name":"Privacy policy"}]},{"@type":"WebSite","@id":"https:\/\/apartamentosodevezo.com\/en\/#website","url":"https:\/\/apartamentosodevezo.com\/en\/","name":"Apartamentos Tur\u00edsticos O Devezo","description":"Tu confort es nuestra prioridad","publisher":{"@id":"https:\/\/apartamentosodevezo.com\/en\/#organization"},"potentialAction":[{"@type":"SearchAction","target":{"@type":"EntryPoint","urlTemplate":"https:\/\/apartamentosodevezo.com\/en\/?s={search_term_string}"},"query-input":{"@type":"PropertyValueSpecification","valueRequired":true,"valueName":"search_term_string"}}],"inLanguage":"en-US"},{"@type":"Organization","@id":"https:\/\/apartamentosodevezo.com\/en\/#organization","name":"O Devezo Holiday Apartments","url":"https:\/\/apartamentosodevezo.com\/en\/","logo":{"@type":"ImageObject","inLanguage":"en-US","@id":"https:\/\/apartamentosodevezo.com\/en\/#\/schema\/logo\/image\/","url":"https:\/\/apartamentosodevezo.com\/wp-content\/uploads\/2024\/11\/apartamentos-o-devezo-iconos.jpg","contentUrl":"https:\/\/apartamentosodevezo.com\/wp-content\/uploads\/2024\/11\/apartamentos-o-devezo-iconos.jpg","width":275,"height":275,"caption":"O Devezo Holiday Apartments"},"image":{"@id":"https:\/\/apartamentosodevezo.com\/en\/#\/schema\/logo\/image\/"}}]}},"_links":{"self":[{"href":"https:\/\/apartamentosodevezo.com\/en\/wp-json\/wp\/v2\/pages\/1235","targetHints":{"allow":["GET"]}}],"collection":[{"href":"https:\/\/apartamentosodevezo.com\/en\/wp-json\/wp\/v2\/pages"}],"about":[{"href":"https:\/\/apartamentosodevezo.com\/en\/wp-json\/wp\/v2\/types\/page"}],"author":[{"embeddable":true,"href":"https:\/\/apartamentosodevezo.com\/en\/wp-json\/wp\/v2\/users\/1"}],"replies":[{"embeddable":true,"href":"https:\/\/apartamentosodevezo.com\/en\/wp-json\/wp\/v2\/comments?post=1235"}],"version-history":[{"count":2,"href":"https:\/\/apartamentosodevezo.com\/en\/wp-json\/wp\/v2\/pages\/1235\/revisions"}],"predecessor-version":[{"id":1379,"href":"https:\/\/apartamentosodevezo.com\/en\/wp-json\/wp\/v2\/pages\/1235\/revisions\/1379"}],"wp:attachment":[{"href":"https:\/\/apartamentosodevezo.com\/en\/wp-json\/wp\/v2\/media?parent=1235"}],"curies":[{"name":"wp","href":"https:\/\/api.w.org\/{rel}","templated":true}]}}